{"id":1802,"date":"2025-07-22T09:04:34","date_gmt":"2025-07-22T09:04:34","guid":{"rendered":"https:\/\/www.onliner.com.hr\/?page_id=1802"},"modified":"2025-07-28T12:40:41","modified_gmt":"2025-07-28T12:40:41","slug":"project-dinality-team","status":"publish","type":"page","link":"https:\/\/www.onliner.com.hr\/hr\/project-dinality-team\/","title":{"rendered":"Project Dinality Team"},"content":{"rendered":"<div data-elementor-type=\"wp-page\" data-elementor-id=\"1802\" class=\"elementor elementor-1802\">\n\t\t\t\t<div class=\"elementor-element elementor-element-dfd6b04 e-con-full e-flex e-con e-parent\" data-id=\"dfd6b04\" data-element_type=\"container\" data-e-type=\"container\">\n\t\t<div class=\"elementor-element elementor-element-e1362bf e-flex e-con-boxed e-con e-child\" data-id=\"e1362bf\" data-element_type=\"container\" data-e-type=\"container\">\n\t\t\t\t\t<div class=\"e-con-inner\">\n\t\t\t\t<div class=\"elementor-element elementor-element-9f4d7d7 elementor-widget elementor-widget-heading\" data-id=\"9f4d7d7\" data-element_type=\"widget\" data-e-type=\"widget\" data-widget_type=\"heading.default\">\n\t\t\t\t<div class=\"elementor-widget-container\">\n\t\t\t\t\t<h1 class=\"elementor-heading-title elementor-size-default\">Dinality Team<\/h1>\t\t\t\t<\/div>\n\t\t\t\t<\/div>\n\t\t\t\t\t<\/div>\n\t\t\t\t<\/div>\n\t\t\t\t<\/div>\n\t\t<div class=\"elementor-element elementor-element-3e9378c e-grid e-con-boxed e-con e-parent\" data-id=\"3e9378c\" data-element_type=\"container\" data-e-type=\"container\">\n\t\t\t\t\t<div class=\"e-con-inner\">\n\t\t\t\t<div class=\"elementor-element elementor-element-cd0b299 elementor-widget elementor-widget-text-editor\" data-id=\"cd0b299\" data-element_type=\"widget\" data-e-type=\"widget\" data-widget_type=\"text-editor.default\">\n\t\t\t\t<div class=\"elementor-widget-container\">\n\t\t\t\t\t\t\t\t\t<p data-pm-slice=\"1 1 []\">Projekt vizualnog identiteta Dinality Teama izazvao nas je da stvorimo brend koji djeluje svje\u017ee i agilno, a opet odmah ulijeva povjerenje. Dinality Teamu, koji je nastao iz poznate tvrtke za \u010di\u0161\u0107enje, bio je potreban logotip, pripreme za tisak vizitki i uniforma te web stranica od jedne stranice koja bi se lako uklopila uz uniforme vrijednih radnika kao i u karticu preglednika.<\/p><p data-pm-slice=\"1 1 []\">Zapo\u010deli smo s dubinskim istra\u017eivanjem predanosti tvrtke besprijekorno \u010distim uredima i zadovoljnim klijentima. Rezultat je zaobljeni plavi logotip u obliku slova \"D\" \u010diji dvostruki tonovi sugeriraju \u010disto\u0107u i stabilnost dugoro\u010dne usluge. Taj logo primijenili smo na minimalisti\u010dkim posjetnicama, zaglavlju, prilago\u0111enom \u017eigu i uredskom znaku od bru\u0161enog aluminija, a svi odra\u017eavaju istu \u010distu geometriju.<\/p>\t\t\t\t\t\t\t\t<\/div>\n\t\t\t\t<\/div>\n\t\t\t\t<div class=\"elementor-element elementor-element-f1b21eb elementor-widget elementor-widget-text-editor\" data-id=\"f1b21eb\" data-element_type=\"widget\" data-e-type=\"widget\" data-widget_type=\"text-editor.default\">\n\t\t\t\t<div class=\"elementor-widget-container\">\n\t\t\t\t\t\t\t\t\t<p data-pm-slice=\"1 1 []\">Online smo identitet preveli u lagani WordPress jednostrani\u010dni dizajn gdje svaki odjeljak za pomicanje odgovara na jedno od tri pitanja: tko smo, \u0161to \u010distimo i kako dobiti ponudu. Izra\u0111ena prvenstveno za mobilne ure\u0111aje, stranica se u\u010ditava za manje od 1 sekunde i u potpunosti je SEO optimizirana za lokalno ciljanim klju\u010dnim rije\u010dima, tako da se fraza Dinality Team sada pojavljuje tamo gdje je Google, i novi klijenti, o\u010dekuju.<\/p><p data-pm-slice=\"1 1 []\">Ukratko, vizualni identitet i projekt web stranice Dinality Teama pretvaraju iskusnu ekipu za \u010di\u0161\u0107enje u brend koji izgleda jednako ugla\u0111eno kao i prostori koje odr\u017eavaju.<\/p><p><a href=\"https:\/\/www.dinalityteam.hr\/\" target=\"_blank\" rel=\"noopener\">Dinality Team<\/a><\/p>\t\t\t\t\t\t\t\t<\/div>\n\t\t\t\t<\/div>\n\t\t\t\t<div class=\"elementor-element elementor-element-ad7da42 elementor-widget elementor-widget-image\" data-id=\"ad7da42\" data-element_type=\"widget\" data-e-type=\"widget\" data-widget_type=\"image.default\">\n\t\t\t\t<div class=\"elementor-widget-container\">\n\t\t\t\t\t\t\t\t\t\t\t\t\t\t\t<img fetchpriority=\"high\" decoding=\"async\" width=\"1024\" height=\"768\" src=\"https:\/\/www.onliner.com.hr\/wp-content\/uploads\/2025\/07\/Projects_Mockup3-1-1024x768.jpg\" class=\"attachment-large size-large wp-image-1851\" alt=\"ONLINER_Project_Dinality_Team_picture_03\" srcset=\"https:\/\/www.onliner.com.hr\/wp-content\/uploads\/2025\/07\/Projects_Mockup3-1-1024x768.jpg 1024w, https:\/\/www.onliner.com.hr\/wp-content\/uploads\/2025\/07\/Projects_Mockup3-1-300x225.jpg 300w, https:\/\/www.onliner.com.hr\/wp-content\/uploads\/2025\/07\/Projects_Mockup3-1-768x576.jpg 768w, https:\/\/www.onliner.com.hr\/wp-content\/uploads\/2025\/07\/Projects_Mockup3-1-1536x1152.jpg 1536w, https:\/\/www.onliner.com.hr\/wp-content\/uploads\/2025\/07\/Projects_Mockup3-1-2048x1536.jpg 2048w\" sizes=\"(max-width: 1024px) 100vw, 1024px\" \/>\t\t\t\t\t\t\t\t\t\t\t\t\t\t\t<\/div>\n\t\t\t\t<\/div>\n\t\t\t\t<div class=\"elementor-element elementor-element-47f31c3 elementor-widget elementor-widget-image\" data-id=\"47f31c3\" data-element_type=\"widget\" data-e-type=\"widget\" data-widget_type=\"image.default\">\n\t\t\t\t<div class=\"elementor-widget-container\">\n\t\t\t\t\t\t\t\t\t\t\t\t\t\t\t<img decoding=\"async\" width=\"1024\" height=\"768\" src=\"https:\/\/www.onliner.com.hr\/wp-content\/uploads\/2025\/07\/Projects_Mockup20-1024x768.jpg\" class=\"attachment-large size-large wp-image-1944\" alt=\"ONLINER_Project_Dinality_Team_picture_04\" srcset=\"https:\/\/www.onliner.com.hr\/wp-content\/uploads\/2025\/07\/Projects_Mockup20-1024x768.jpg 1024w, https:\/\/www.onliner.com.hr\/wp-content\/uploads\/2025\/07\/Projects_Mockup20-300x225.jpg 300w, https:\/\/www.onliner.com.hr\/wp-content\/uploads\/2025\/07\/Projects_Mockup20-768x576.jpg 768w, https:\/\/www.onliner.com.hr\/wp-content\/uploads\/2025\/07\/Projects_Mockup20-1536x1152.jpg 1536w, https:\/\/www.onliner.com.hr\/wp-content\/uploads\/2025\/07\/Projects_Mockup20-2048x1536.jpg 2048w\" sizes=\"(max-width: 1024px) 100vw, 1024px\" \/>\t\t\t\t\t\t\t\t\t\t\t\t\t\t\t<\/div>\n\t\t\t\t<\/div>\n\t\t\t\t\t<\/div>\n\t\t\t\t<\/div>\n\t\t<div class=\"elementor-element elementor-element-e4a69b3 e-flex e-con-boxed e-con e-parent\" data-id=\"e4a69b3\" data-element_type=\"container\" data-e-type=\"container\">\n\t\t\t\t\t<div class=\"e-con-inner\">\n\t\t\t\t<div class=\"elementor-element elementor-element-794602a elementor-widget elementor-widget-spacer\" data-id=\"794602a\" data-element_type=\"widget\" data-e-type=\"widget\" data-widget_type=\"spacer.default\">\n\t\t\t\t<div class=\"elementor-widget-container\">\n\t\t\t\t\t\t\t<div class=\"elementor-spacer\">\n\t\t\t<div class=\"elementor-spacer-inner\"><\/div>\n\t\t<\/div>\n\t\t\t\t\t\t<\/div>\n\t\t\t\t<\/div>\n\t\t\t\t\t<\/div>\n\t\t\t\t<\/div>\n\t\t<div class=\"elementor-element elementor-element-44dc33c e-con-full e-flex e-con e-parent\" data-id=\"44dc33c\" data-element_type=\"container\" data-e-type=\"container\" data-settings=\"{&quot;background_background&quot;:&quot;classic&quot;}\">\n\t\t<div class=\"elementor-element elementor-element-7ab20c7 e-flex e-con-boxed e-con e-child\" data-id=\"7ab20c7\" data-element_type=\"container\" data-e-type=\"container\" data-settings=\"{&quot;background_background&quot;:&quot;classic&quot;}\">\n\t\t\t\t\t<div class=\"e-con-inner\">\n\t\t<div class=\"elementor-element elementor-element-805e53f e-con-full e-flex e-con e-child\" data-id=\"805e53f\" data-element_type=\"container\" data-e-type=\"container\" data-settings=\"{&quot;background_background&quot;:&quot;classic&quot;}\">\n\t\t\t\t<div class=\"elementor-element elementor-element-c4b3207 elementor-position-inline-start elementor-mobile-position-inline-start elementor-view-default elementor-widget elementor-widget-icon-box\" data-id=\"c4b3207\" data-element_type=\"widget\" data-e-type=\"widget\" data-widget_type=\"icon-box.default\">\n\t\t\t\t<div class=\"elementor-widget-container\">\n\t\t\t\t\t\t\t<div class=\"elementor-icon-box-wrapper\">\n\n\t\t\t\t\t\t<div class=\"elementor-icon-box-icon\">\n\t\t\t\t<span  class=\"elementor-icon\">\n\t\t\t\t<svg aria-hidden=\"true\" class=\"e-font-icon-svg e-fas-circle\" viewbox=\"0 0 512 512\" xmlns=\"http:\/\/www.w3.org\/2000\/svg\"><path d=\"M256 8C119 8 8 119 8 256s111 248 248 248 248-111 248-248S393 8 256 8z\"><\/path><\/svg>\t\t\t\t<\/span>\n\t\t\t<\/div>\n\t\t\t\n\t\t\t\t\t\t<div class=\"elementor-icon-box-content\">\n\n\t\t\t\t\t\t\t\t\t<div class=\"elementor-icon-box-title\">\n\t\t\t\t\t\t<span  >\n\t\t\t\t\t\t\tImate projekt na umu?\t\t\t\t\t\t<\/span>\n\t\t\t\t\t<\/div>\n\t\t\t\t\n\t\t\t\t\n\t\t\t<\/div>\n\t\t\t\n\t\t<\/div>\n\t\t\t\t\t\t<\/div>\n\t\t\t\t<\/div>\n\t\t\t\t<div class=\"elementor-element elementor-element-d28beb2 elementor-widget elementor-widget-heading\" data-id=\"d28beb2\" data-element_type=\"widget\" data-e-type=\"widget\" data-widget_type=\"heading.default\">\n\t\t\t\t<div class=\"elementor-widget-container\">\n\t\t\t\t\t<h2 class=\"elementor-heading-title elementor-size-default\">Pretvorimo va\u0161e ideje<br> u stvarnost.<\/h2>\t\t\t\t<\/div>\n\t\t\t\t<\/div>\n\t\t\t\t<div class=\"elementor-element elementor-element-ab61db7 elementor-align-center elementor-widget elementor-widget-button\" data-id=\"ab61db7\" data-element_type=\"widget\" data-e-type=\"widget\" data-widget_type=\"button.default\">\n\t\t\t\t<div class=\"elementor-widget-container\">\n\t\t\t\t\t\t\t\t\t<div class=\"elementor-button-wrapper\">\n\t\t\t\t\t<a class=\"elementor-button elementor-button-link elementor-size-sm\" href=\"https:\/\/www.onliner.com.hr\/hr\/contact\/\">\n\t\t\t\t\t\t<span class=\"elementor-button-content-wrapper\">\n\t\t\t\t\t\t<span class=\"elementor-button-icon\">\n\t\t\t\t<svg xmlns=\"http:\/\/www.w3.org\/2000\/svg\" viewbox=\"0 0 256 256\"><rect width=\"256\" height=\"256\" fill=\"none\"><\/rect><polyline points=\"168 128 216 176 168 224\" fill=\"none\" stroke=\"currentColor\" stroke-linecap=\"round\" stroke-linejoin=\"round\" stroke-width=\"16\"><\/polyline><polyline points=\"72 32 72 176 216 176\" fill=\"none\" stroke=\"currentColor\" stroke-linecap=\"round\" stroke-linejoin=\"round\" stroke-width=\"16\"><\/polyline><\/svg>\t\t\t<\/span>\n\t\t\t\t\t\t\t\t\t<span class=\"elementor-button-text\">Kontaktirajte Nas<\/span>\n\t\t\t\t\t<\/span>\n\t\t\t\t\t<\/a>\n\t\t\t\t<\/div>\n\t\t\t\t\t\t\t\t<\/div>\n\t\t\t\t<\/div>\n\t\t\t\t<\/div>\n\t\t\t\t\t<\/div>\n\t\t\t\t<\/div>\n\t\t\t\t<\/div>\n\t\t\t\t<\/div>","protected":false},"excerpt":{"rendered":"<p>Dinality Team The Dinality Team visual identity project challenged us to craft a brand that felt fresh and agile yet [&hellip;]<\/p>\n","protected":false},"author":1,"featured_media":0,"parent":0,"menu_order":0,"comment_status":"closed","ping_status":"closed","template":"","meta":{"site-sidebar-layout":"no-sidebar","site-content-layout":"","ast-site-content-layout":"full-width-container","site-content-style":"default","site-sidebar-style":"default","ast-global-header-display":"","ast-banner-title-visibility":"","ast-main-header-display":"","ast-hfb-above-header-display":"","ast-hfb-below-header-display":"","ast-hfb-mobile-header-display":"","site-post-title":"disabled","ast-breadcrumbs-content":"","ast-featured-img":"disabled","footer-sml-layout":"","ast-disable-related-posts":"","theme-transparent-header-meta":"","adv-header-id-meta":"","stick-header-meta":"","header-above-stick-meta":"","header-main-stick-meta":"","header-below-stick-meta":"","astra-migrate-meta-layouts":"default","ast-page-background-enabled":"default","ast-page-background-meta":{"desktop":{"background-color":"var(--ast-global-color-4)","background-image":"","background-repeat":"repeat","background-position":"center center","background-size":"auto","background-attachment":"scroll","background-type":"","background-media":"","overlay-type":"","overlay-color":"","overlay-opacity":"","overlay-gradient":""},"tablet":{"background-color":"","background-image":"","background-repeat":"repeat","background-position":"center center","background-size":"auto","background-attachment":"scroll","background-type":"","background-media":"","overlay-type":"","overlay-color":"","overlay-opacity":"","overlay-gradient":""},"mobile":{"background-color":"","background-image":"","background-repeat":"repeat","background-position":"center center","background-size":"auto","background-attachment":"scroll","background-type":"","background-media":"","overlay-type":"","overlay-color":"","overlay-opacity":"","overlay-gradient":""}},"ast-content-background-meta":{"desktop":{"background-color":"var(--ast-global-color-5)","background-image":"","background-repeat":"repeat","background-position":"center center","background-size":"auto","background-attachment":"scroll","background-type":"","background-media":"","overlay-type":"","overlay-color":"","overlay-opacity":"","overlay-gradient":""},"tablet":{"background-color":"var(--ast-global-color-5)","background-image":"","background-repeat":"repeat","background-position":"center center","background-size":"auto","background-attachment":"scroll","background-type":"","background-media":"","overlay-type":"","overlay-color":"","overlay-opacity":"","overlay-gradient":""},"mobile":{"background-color":"var(--ast-global-color-5)","background-image":"","background-repeat":"repeat","background-position":"center center","background-size":"auto","background-attachment":"scroll","background-type":"","background-media":"","overlay-type":"","overlay-color":"","overlay-opacity":"","overlay-gradient":""}},"footnotes":""},"class_list":["post-1802","page","type-page","status-publish","hentry"],"yoast_head":"<!-- This site is optimized with the Yoast SEO plugin v27.0 - https:\/\/yoast.com\/product\/yoast-seo-wordpress\/ -->\n<title>ONLINER - Dinality Team visual identity<\/title>\n<meta name=\"description\" content=\"ONLINER created Dinality Team visual identity - modern logo, complete stationery and a mobile-first one-pager website that converts visitors to calls.\" \/>\n<meta name=\"robots\" content=\"index, follow, max-snippet:-1, max-image-preview:large, max-video-preview:-1\" \/>\n<link rel=\"canonical\" href=\"https:\/\/www.onliner.com.hr\/hr\/project-dinality-team\/\" \/>\n<meta property=\"og:locale\" content=\"hr_HR\" \/>\n<meta property=\"og:type\" content=\"article\" \/>\n<meta property=\"og:title\" content=\"ONLINER - Dinality Team visual identity\" \/>\n<meta property=\"og:description\" content=\"ONLINER created Dinality Team visual identity - modern logo, complete stationery and a mobile-first one-pager website that converts visitors to calls.\" \/>\n<meta property=\"og:url\" content=\"https:\/\/www.onliner.com.hr\/hr\/project-dinality-team\/\" \/>\n<meta property=\"og:site_name\" content=\"ONLINER\" \/>\n<meta property=\"article:modified_time\" content=\"2025-07-28T12:40:41+00:00\" \/>\n<meta property=\"og:image\" content=\"https:\/\/www.onliner.com.hr\/wp-content\/uploads\/2025\/07\/Projects_Mockup3-1-1024x768.jpg\" \/>\n<meta name=\"twitter:card\" content=\"summary_large_image\" \/>\n<meta name=\"twitter:label1\" content=\"Procijenjeno vrijeme \u010ditanja\" \/>\n\t<meta name=\"twitter:data1\" content=\"2 minute\" \/>\n<script type=\"application\/ld+json\" class=\"yoast-schema-graph\">{\"@context\":\"https:\/\/schema.org\",\"@graph\":[{\"@type\":\"WebPage\",\"@id\":\"https:\/\/www.onliner.com.hr\/project-dinality-team\/\",\"url\":\"https:\/\/www.onliner.com.hr\/project-dinality-team\/\",\"name\":\"ONLINER - Dinality Team visual identity\",\"isPartOf\":{\"@id\":\"https:\/\/www.onliner.com.hr\/#website\"},\"primaryImageOfPage\":{\"@id\":\"https:\/\/www.onliner.com.hr\/project-dinality-team\/#primaryimage\"},\"image\":{\"@id\":\"https:\/\/www.onliner.com.hr\/project-dinality-team\/#primaryimage\"},\"thumbnailUrl\":\"https:\/\/www.onliner.com.hr\/wp-content\/uploads\/2025\/07\/Projects_Mockup3-1-1024x768.jpg\",\"datePublished\":\"2025-07-22T09:04:34+00:00\",\"dateModified\":\"2025-07-28T12:40:41+00:00\",\"description\":\"ONLINER created Dinality Team visual identity - modern logo, complete stationery and a mobile-first one-pager website that converts visitors to calls.\",\"breadcrumb\":{\"@id\":\"https:\/\/www.onliner.com.hr\/project-dinality-team\/#breadcrumb\"},\"inLanguage\":\"hr\",\"potentialAction\":[{\"@type\":\"ReadAction\",\"target\":[\"https:\/\/www.onliner.com.hr\/project-dinality-team\/\"]}]},{\"@type\":\"ImageObject\",\"inLanguage\":\"hr\",\"@id\":\"https:\/\/www.onliner.com.hr\/project-dinality-team\/#primaryimage\",\"url\":\"https:\/\/www.onliner.com.hr\/wp-content\/uploads\/2025\/07\/Projects_Mockup3-1-1024x768.jpg\",\"contentUrl\":\"https:\/\/www.onliner.com.hr\/wp-content\/uploads\/2025\/07\/Projects_Mockup3-1-1024x768.jpg\"},{\"@type\":\"BreadcrumbList\",\"@id\":\"https:\/\/www.onliner.com.hr\/project-dinality-team\/#breadcrumb\",\"itemListElement\":[{\"@type\":\"ListItem\",\"position\":1,\"name\":\"Home\",\"item\":\"https:\/\/www.onliner.com.hr\/\"},{\"@type\":\"ListItem\",\"position\":2,\"name\":\"Project Dinality Team\"}]},{\"@type\":\"WebSite\",\"@id\":\"https:\/\/www.onliner.com.hr\/#website\",\"url\":\"https:\/\/www.onliner.com.hr\/\",\"name\":\"ONLINER\",\"description\":\"\",\"publisher\":{\"@id\":\"https:\/\/www.onliner.com.hr\/#organization\"},\"potentialAction\":[{\"@type\":\"SearchAction\",\"target\":{\"@type\":\"EntryPoint\",\"urlTemplate\":\"https:\/\/www.onliner.com.hr\/?s={search_term_string}\"},\"query-input\":{\"@type\":\"PropertyValueSpecification\",\"valueRequired\":true,\"valueName\":\"search_term_string\"}}],\"inLanguage\":\"hr\"},{\"@type\":\"Organization\",\"@id\":\"https:\/\/www.onliner.com.hr\/#organization\",\"name\":\"ONLINER\",\"url\":\"https:\/\/www.onliner.com.hr\/\",\"logo\":{\"@type\":\"ImageObject\",\"inLanguage\":\"hr\",\"@id\":\"https:\/\/www.onliner.com.hr\/#\/schema\/logo\/image\/\",\"url\":\"https:\/\/www.onliner.com.hr\/wp-content\/uploads\/2025\/03\/ONLINER_white_secondary-logo2.png\",\"contentUrl\":\"https:\/\/www.onliner.com.hr\/wp-content\/uploads\/2025\/03\/ONLINER_white_secondary-logo2.png\",\"width\":1811,\"height\":349,\"caption\":\"ONLINER\"},\"image\":{\"@id\":\"https:\/\/www.onliner.com.hr\/#\/schema\/logo\/image\/\"}}]}<\/script>\n<!-- \/ Yoast SEO plugin. -->","yoast_head_json":{"title":"ONLINER - Dinality Team visual identity","description":"ONLINER created Dinality Team visual identity - modern logo, complete stationery and a mobile-first one-pager website that converts visitors to calls.","robots":{"index":"index","follow":"follow","max-snippet":"max-snippet:-1","max-image-preview":"max-image-preview:large","max-video-preview":"max-video-preview:-1"},"canonical":"https:\/\/www.onliner.com.hr\/hr\/project-dinality-team\/","og_locale":"hr_HR","og_type":"article","og_title":"ONLINER - Dinality Team visual identity","og_description":"ONLINER created Dinality Team visual identity - modern logo, complete stationery and a mobile-first one-pager website that converts visitors to calls.","og_url":"https:\/\/www.onliner.com.hr\/hr\/project-dinality-team\/","og_site_name":"ONLINER","article_modified_time":"2025-07-28T12:40:41+00:00","og_image":[{"url":"https:\/\/www.onliner.com.hr\/wp-content\/uploads\/2025\/07\/Projects_Mockup3-1-1024x768.jpg","type":"","width":"","height":""}],"twitter_card":"summary_large_image","twitter_misc":{"Procijenjeno vrijeme \u010ditanja":"2 minute"},"schema":{"@context":"https:\/\/schema.org","@graph":[{"@type":"WebPage","@id":"https:\/\/www.onliner.com.hr\/project-dinality-team\/","url":"https:\/\/www.onliner.com.hr\/project-dinality-team\/","name":"ONLINER - Dinality Team visual identity","isPartOf":{"@id":"https:\/\/www.onliner.com.hr\/#website"},"primaryImageOfPage":{"@id":"https:\/\/www.onliner.com.hr\/project-dinality-team\/#primaryimage"},"image":{"@id":"https:\/\/www.onliner.com.hr\/project-dinality-team\/#primaryimage"},"thumbnailUrl":"https:\/\/www.onliner.com.hr\/wp-content\/uploads\/2025\/07\/Projects_Mockup3-1-1024x768.jpg","datePublished":"2025-07-22T09:04:34+00:00","dateModified":"2025-07-28T12:40:41+00:00","description":"ONLINER created Dinality Team visual identity - modern logo, complete stationery and a mobile-first one-pager website that converts visitors to calls.","breadcrumb":{"@id":"https:\/\/www.onliner.com.hr\/project-dinality-team\/#breadcrumb"},"inLanguage":"hr","potentialAction":[{"@type":"ReadAction","target":["https:\/\/www.onliner.com.hr\/project-dinality-team\/"]}]},{"@type":"ImageObject","inLanguage":"hr","@id":"https:\/\/www.onliner.com.hr\/project-dinality-team\/#primaryimage","url":"https:\/\/www.onliner.com.hr\/wp-content\/uploads\/2025\/07\/Projects_Mockup3-1-1024x768.jpg","contentUrl":"https:\/\/www.onliner.com.hr\/wp-content\/uploads\/2025\/07\/Projects_Mockup3-1-1024x768.jpg"},{"@type":"BreadcrumbList","@id":"https:\/\/www.onliner.com.hr\/project-dinality-team\/#breadcrumb","itemListElement":[{"@type":"ListItem","position":1,"name":"Home","item":"https:\/\/www.onliner.com.hr\/"},{"@type":"ListItem","position":2,"name":"Project Dinality Team"}]},{"@type":"WebSite","@id":"https:\/\/www.onliner.com.hr\/#website","url":"https:\/\/www.onliner.com.hr\/","name":"ONLINER","description":"","publisher":{"@id":"https:\/\/www.onliner.com.hr\/#organization"},"potentialAction":[{"@type":"SearchAction","target":{"@type":"EntryPoint","urlTemplate":"https:\/\/www.onliner.com.hr\/?s={search_term_string}"},"query-input":{"@type":"PropertyValueSpecification","valueRequired":true,"valueName":"search_term_string"}}],"inLanguage":"hr"},{"@type":"Organization","@id":"https:\/\/www.onliner.com.hr\/#organization","name":"ONLINER","url":"https:\/\/www.onliner.com.hr\/","logo":{"@type":"ImageObject","inLanguage":"hr","@id":"https:\/\/www.onliner.com.hr\/#\/schema\/logo\/image\/","url":"https:\/\/www.onliner.com.hr\/wp-content\/uploads\/2025\/03\/ONLINER_white_secondary-logo2.png","contentUrl":"https:\/\/www.onliner.com.hr\/wp-content\/uploads\/2025\/03\/ONLINER_white_secondary-logo2.png","width":1811,"height":349,"caption":"ONLINER"},"image":{"@id":"https:\/\/www.onliner.com.hr\/#\/schema\/logo\/image\/"}}]}},"_links":{"self":[{"href":"https:\/\/www.onliner.com.hr\/hr\/wp-json\/wp\/v2\/pages\/1802","targetHints":{"allow":["GET"]}}],"collection":[{"href":"https:\/\/www.onliner.com.hr\/hr\/wp-json\/wp\/v2\/pages"}],"about":[{"href":"https:\/\/www.onliner.com.hr\/hr\/wp-json\/wp\/v2\/types\/page"}],"author":[{"embeddable":true,"href":"https:\/\/www.onliner.com.hr\/hr\/wp-json\/wp\/v2\/users\/1"}],"replies":[{"embeddable":true,"href":"https:\/\/www.onliner.com.hr\/hr\/wp-json\/wp\/v2\/comments?post=1802"}],"version-history":[{"count":73,"href":"https:\/\/www.onliner.com.hr\/hr\/wp-json\/wp\/v2\/pages\/1802\/revisions"}],"predecessor-version":[{"id":2238,"href":"https:\/\/www.onliner.com.hr\/hr\/wp-json\/wp\/v2\/pages\/1802\/revisions\/2238"}],"wp:attachment":[{"href":"https:\/\/www.onliner.com.hr\/hr\/wp-json\/wp\/v2\/media?parent=1802"}],"curies":[{"name":"wp","href":"https:\/\/api.w.org\/{rel}","templated":true}]}}