{"id":1804,"date":"2025-07-22T09:05:27","date_gmt":"2025-07-22T09:05:27","guid":{"rendered":"https:\/\/www.onliner.com.hr\/?page_id=1804"},"modified":"2025-07-28T12:51:10","modified_gmt":"2025-07-28T12:51:10","slug":"project-malox","status":"publish","type":"page","link":"https:\/\/www.onliner.com.hr\/hr\/project-malox\/","title":{"rendered":"Project MALOX"},"content":{"rendered":"<div data-elementor-type=\"wp-page\" data-elementor-id=\"1804\" class=\"elementor elementor-1804\">\n\t\t\t\t<div class=\"elementor-element elementor-element-e1585b5 e-con-full e-flex e-con e-parent\" data-id=\"e1585b5\" data-element_type=\"container\" data-e-type=\"container\">\n\t\t<div class=\"elementor-element elementor-element-7aacc9b e-flex e-con-boxed e-con e-child\" data-id=\"7aacc9b\" data-element_type=\"container\" data-e-type=\"container\">\n\t\t\t\t\t<div class=\"e-con-inner\">\n\t\t\t\t<div class=\"elementor-element elementor-element-aa71d32 elementor-widget elementor-widget-heading\" data-id=\"aa71d32\" data-element_type=\"widget\" data-e-type=\"widget\" data-widget_type=\"heading.default\">\n\t\t\t\t<div class=\"elementor-widget-container\">\n\t\t\t\t\t<h1 class=\"elementor-heading-title elementor-size-default\">MALOX Detailing centar<\/h1>\t\t\t\t<\/div>\n\t\t\t\t<\/div>\n\t\t\t\t\t<\/div>\n\t\t\t\t<\/div>\n\t\t\t\t<\/div>\n\t\t<div class=\"elementor-element elementor-element-84d3bb0 e-grid e-con-boxed e-con e-parent\" data-id=\"84d3bb0\" data-element_type=\"container\" data-e-type=\"container\">\n\t\t\t\t\t<div class=\"e-con-inner\">\n\t\t\t\t<div class=\"elementor-element elementor-element-537ebbb elementor-widget elementor-widget-text-editor\" data-id=\"537ebbb\" data-element_type=\"widget\" data-e-type=\"widget\" data-widget_type=\"text-editor.default\">\n\t\t\t\t<div class=\"elementor-widget-container\">\n\t\t\t\t\t\t\t\t\t<p data-pm-slice=\"1 1 []\">Lokalna samouslu\u017ena autopraonica <em>Spu\u017eva<\/em> odlu\u010dila je otvoriti premium studio za dubinsko \u010di\u0161\u0107enje pod nazivom MALOX Detailing Centar. Zadatak je bio dizajnirati vizualni identitet koji bi djelovao novo i profesionalno, a istovremeno na prvu podsje\u0107ao na kredibilitet koji nosi ime Spu\u017eva.<\/p><p>Na\u0161e rje\u0161enje bio je jedinstven i nezaboravan znak. U njegovom srcu nalazi se ikona \u010diste \u017eute spu\u017eve \u010dije zaobljene pore podsje\u0107aju na originalni brend, a istovremeno signaliziraju pedantnu brigu za aute. Tipografija, postavljena u podebljanom, prema naprijed nagnutom sans-serif pismu, sugerira brzinu i preciznost, a blago razdvojeni popre\u010dni krakovi slova X opona\u0161aju kri\u017ene pokrete koji se koriste pri poliranju automobila.<\/p>\t\t\t\t\t\t\t\t<\/div>\n\t\t\t\t<\/div>\n\t\t\t\t<div class=\"elementor-element elementor-element-a6e10c8 elementor-widget elementor-widget-text-editor\" data-id=\"a6e10c8\" data-element_type=\"widget\" data-e-type=\"widget\" data-widget_type=\"text-editor.default\">\n\t\t\t\t<div class=\"elementor-widget-container\">\n\t\t\t\t\t\t\t\t\t<p data-pm-slice=\"1 1 []\">Jednostavna paleta boja poja\u010dava cijelu pri\u010du: signalno crvena unosi energiju i privla\u010di veliku pozornost, spu\u017evasto \u017euta govori o \u010disto\u0107i i kontinuitetu, dok ugljeno crna i o\u0161tra bijela stvaraju vrhunski kontrast za studijske interijere i digitalne ekrane.<\/p><p>Zavr\u0161eni logotip odmah ka\u017ee \u201evrhunska pa\u017enja na detalje\u201c \u2014 nose\u0107i ugra\u0111eno povjerenje Spu\u017eve u svje\u017eu, modernu zna\u010dku koja sada vodi voza\u010de ravno do MALOX-ove gara\u017ee.<\/p><p><a href=\"https:\/\/malox-vision.hr\/\" target=\"_blank\" rel=\"noopener\">MALOX<\/a><\/p>\t\t\t\t\t\t\t\t<\/div>\n\t\t\t\t<\/div>\n\t\t\t\t<div class=\"elementor-element elementor-element-6da6ff1 elementor-widget elementor-widget-image\" data-id=\"6da6ff1\" data-element_type=\"widget\" data-e-type=\"widget\" data-widget_type=\"image.default\">\n\t\t\t\t<div class=\"elementor-widget-container\">\n\t\t\t\t\t\t\t\t\t\t\t\t\t\t\t<img fetchpriority=\"high\" decoding=\"async\" width=\"1024\" height=\"768\" src=\"https:\/\/www.onliner.com.hr\/wp-content\/uploads\/2025\/07\/Projects_Mockup14-1024x768.jpg\" class=\"attachment-large size-large wp-image-1873\" alt=\"ONLINER_Project_MALOX_Detailing_Centar_picture_02\" srcset=\"https:\/\/www.onliner.com.hr\/wp-content\/uploads\/2025\/07\/Projects_Mockup14-1024x768.jpg 1024w, https:\/\/www.onliner.com.hr\/wp-content\/uploads\/2025\/07\/Projects_Mockup14-300x225.jpg 300w, https:\/\/www.onliner.com.hr\/wp-content\/uploads\/2025\/07\/Projects_Mockup14-768x576.jpg 768w, https:\/\/www.onliner.com.hr\/wp-content\/uploads\/2025\/07\/Projects_Mockup14-1536x1152.jpg 1536w, https:\/\/www.onliner.com.hr\/wp-content\/uploads\/2025\/07\/Projects_Mockup14-2048x1536.jpg 2048w\" sizes=\"(max-width: 1024px) 100vw, 1024px\" \/>\t\t\t\t\t\t\t\t\t\t\t\t\t\t\t<\/div>\n\t\t\t\t<\/div>\n\t\t\t\t<div class=\"elementor-element elementor-element-b9beed1 elementor-widget elementor-widget-image\" data-id=\"b9beed1\" data-element_type=\"widget\" data-e-type=\"widget\" data-widget_type=\"image.default\">\n\t\t\t\t<div class=\"elementor-widget-container\">\n\t\t\t\t\t\t\t\t\t\t\t\t\t\t\t<img decoding=\"async\" width=\"1024\" height=\"768\" src=\"https:\/\/www.onliner.com.hr\/wp-content\/uploads\/2025\/07\/Projects_Mockup2-1024x768.jpg\" class=\"attachment-large size-large wp-image-1948\" alt=\"ONLINER_Project_MALOX_Detailing_Centar_picture_03\" srcset=\"https:\/\/www.onliner.com.hr\/wp-content\/uploads\/2025\/07\/Projects_Mockup2-1024x768.jpg 1024w, https:\/\/www.onliner.com.hr\/wp-content\/uploads\/2025\/07\/Projects_Mockup2-300x225.jpg 300w, https:\/\/www.onliner.com.hr\/wp-content\/uploads\/2025\/07\/Projects_Mockup2-768x576.jpg 768w, https:\/\/www.onliner.com.hr\/wp-content\/uploads\/2025\/07\/Projects_Mockup2-1536x1152.jpg 1536w, https:\/\/www.onliner.com.hr\/wp-content\/uploads\/2025\/07\/Projects_Mockup2-2048x1536.jpg 2048w\" sizes=\"(max-width: 1024px) 100vw, 1024px\" \/>\t\t\t\t\t\t\t\t\t\t\t\t\t\t\t<\/div>\n\t\t\t\t<\/div>\n\t\t\t\t\t<\/div>\n\t\t\t\t<\/div>\n\t\t<div class=\"elementor-element elementor-element-707b279 e-flex e-con-boxed e-con e-parent\" data-id=\"707b279\" data-element_type=\"container\" data-e-type=\"container\">\n\t\t\t\t\t<div class=\"e-con-inner\">\n\t\t\t\t<div class=\"elementor-element elementor-element-ccc4abb elementor-widget elementor-widget-spacer\" data-id=\"ccc4abb\" data-element_type=\"widget\" data-e-type=\"widget\" data-widget_type=\"spacer.default\">\n\t\t\t\t<div class=\"elementor-widget-container\">\n\t\t\t\t\t\t\t<div class=\"elementor-spacer\">\n\t\t\t<div class=\"elementor-spacer-inner\"><\/div>\n\t\t<\/div>\n\t\t\t\t\t\t<\/div>\n\t\t\t\t<\/div>\n\t\t\t\t\t<\/div>\n\t\t\t\t<\/div>\n\t\t<div class=\"elementor-element elementor-element-342c5a5 e-con-full e-flex e-con e-parent\" data-id=\"342c5a5\" data-element_type=\"container\" data-e-type=\"container\" data-settings=\"{&quot;background_background&quot;:&quot;classic&quot;}\">\n\t\t<div class=\"elementor-element elementor-element-e2c98dc e-flex e-con-boxed e-con e-child\" data-id=\"e2c98dc\" data-element_type=\"container\" data-e-type=\"container\" data-settings=\"{&quot;background_background&quot;:&quot;classic&quot;}\">\n\t\t\t\t\t<div class=\"e-con-inner\">\n\t\t<div class=\"elementor-element elementor-element-5f064d1 e-con-full e-flex e-con e-child\" data-id=\"5f064d1\" data-element_type=\"container\" data-e-type=\"container\" data-settings=\"{&quot;background_background&quot;:&quot;classic&quot;}\">\n\t\t\t\t<div class=\"elementor-element elementor-element-b7f5221 elementor-position-inline-start elementor-mobile-position-inline-start elementor-view-default elementor-widget elementor-widget-icon-box\" data-id=\"b7f5221\" data-element_type=\"widget\" data-e-type=\"widget\" data-widget_type=\"icon-box.default\">\n\t\t\t\t<div class=\"elementor-widget-container\">\n\t\t\t\t\t\t\t<div class=\"elementor-icon-box-wrapper\">\n\n\t\t\t\t\t\t<div class=\"elementor-icon-box-icon\">\n\t\t\t\t<span  class=\"elementor-icon\">\n\t\t\t\t<svg aria-hidden=\"true\" class=\"e-font-icon-svg e-fas-circle\" viewbox=\"0 0 512 512\" xmlns=\"http:\/\/www.w3.org\/2000\/svg\"><path d=\"M256 8C119 8 8 119 8 256s111 248 248 248 248-111 248-248S393 8 256 8z\"><\/path><\/svg>\t\t\t\t<\/span>\n\t\t\t<\/div>\n\t\t\t\n\t\t\t\t\t\t<div class=\"elementor-icon-box-content\">\n\n\t\t\t\t\t\t\t\t\t<div class=\"elementor-icon-box-title\">\n\t\t\t\t\t\t<span  >\n\t\t\t\t\t\t\tImate projekt na umu?\t\t\t\t\t\t<\/span>\n\t\t\t\t\t<\/div>\n\t\t\t\t\n\t\t\t\t\n\t\t\t<\/div>\n\t\t\t\n\t\t<\/div>\n\t\t\t\t\t\t<\/div>\n\t\t\t\t<\/div>\n\t\t\t\t<div class=\"elementor-element elementor-element-a259009 elementor-widget elementor-widget-heading\" data-id=\"a259009\" data-element_type=\"widget\" data-e-type=\"widget\" data-widget_type=\"heading.default\">\n\t\t\t\t<div class=\"elementor-widget-container\">\n\t\t\t\t\t<h2 class=\"elementor-heading-title elementor-size-default\">Pretvorimo va\u0161e ideje<br> u stvarnost.<\/h2>\t\t\t\t<\/div>\n\t\t\t\t<\/div>\n\t\t\t\t<div class=\"elementor-element elementor-element-2a9e707 elementor-align-center elementor-widget elementor-widget-button\" data-id=\"2a9e707\" data-element_type=\"widget\" data-e-type=\"widget\" data-widget_type=\"button.default\">\n\t\t\t\t<div class=\"elementor-widget-container\">\n\t\t\t\t\t\t\t\t\t<div class=\"elementor-button-wrapper\">\n\t\t\t\t\t<a class=\"elementor-button elementor-button-link elementor-size-sm\" href=\"https:\/\/www.onliner.com.hr\/hr\/contact\/\">\n\t\t\t\t\t\t<span class=\"elementor-button-content-wrapper\">\n\t\t\t\t\t\t<span class=\"elementor-button-icon\">\n\t\t\t\t<svg xmlns=\"http:\/\/www.w3.org\/2000\/svg\" viewbox=\"0 0 256 256\"><rect width=\"256\" height=\"256\" fill=\"none\"><\/rect><polyline points=\"168 128 216 176 168 224\" fill=\"none\" stroke=\"currentColor\" stroke-linecap=\"round\" stroke-linejoin=\"round\" stroke-width=\"16\"><\/polyline><polyline points=\"72 32 72 176 216 176\" fill=\"none\" stroke=\"currentColor\" stroke-linecap=\"round\" stroke-linejoin=\"round\" stroke-width=\"16\"><\/polyline><\/svg>\t\t\t<\/span>\n\t\t\t\t\t\t\t\t\t<span class=\"elementor-button-text\">Kontaktirajte Nas<\/span>\n\t\t\t\t\t<\/span>\n\t\t\t\t\t<\/a>\n\t\t\t\t<\/div>\n\t\t\t\t\t\t\t\t<\/div>\n\t\t\t\t<\/div>\n\t\t\t\t<\/div>\n\t\t\t\t\t<\/div>\n\t\t\t\t<\/div>\n\t\t\t\t<\/div>\n\t\t\t\t<\/div>","protected":false},"excerpt":{"rendered":"<p>MALOX Detailing centar Local self\u2011service car\u2011wash Spu\u017eva decided to open a premium studio called MALOX Detailing Centar. The task was [&hellip;]<\/p>\n","protected":false},"author":1,"featured_media":0,"parent":0,"menu_order":0,"comment_status":"closed","ping_status":"closed","template":"","meta":{"site-sidebar-layout":"no-sidebar","site-content-layout":"","ast-site-content-layout":"full-width-container","site-content-style":"default","site-sidebar-style":"default","ast-global-header-display":"","ast-banner-title-visibility":"","ast-main-header-display":"","ast-hfb-above-header-display":"","ast-hfb-below-header-display":"","ast-hfb-mobile-header-display":"","site-post-title":"disabled","ast-breadcrumbs-content":"","ast-featured-img":"disabled","footer-sml-layout":"","ast-disable-related-posts":"","theme-transparent-header-meta":"","adv-header-id-meta":"","stick-header-meta":"","header-above-stick-meta":"","header-main-stick-meta":"","header-below-stick-meta":"","astra-migrate-meta-layouts":"default","ast-page-background-enabled":"default","ast-page-background-meta":{"desktop":{"background-color":"var(--ast-global-color-4)","background-image":"","background-repeat":"repeat","background-position":"center center","background-size":"auto","background-attachment":"scroll","background-type":"","background-media":"","overlay-type":"","overlay-color":"","overlay-opacity":"","overlay-gradient":""},"tablet":{"background-color":"","background-image":"","background-repeat":"repeat","background-position":"center center","background-size":"auto","background-attachment":"scroll","background-type":"","background-media":"","overlay-type":"","overlay-color":"","overlay-opacity":"","overlay-gradient":""},"mobile":{"background-color":"","background-image":"","background-repeat":"repeat","background-position":"center center","background-size":"auto","background-attachment":"scroll","background-type":"","background-media":"","overlay-type":"","overlay-color":"","overlay-opacity":"","overlay-gradient":""}},"ast-content-background-meta":{"desktop":{"background-color":"var(--ast-global-color-5)","background-image":"","background-repeat":"repeat","background-position":"center center","background-size":"auto","background-attachment":"scroll","background-type":"","background-media":"","overlay-type":"","overlay-color":"","overlay-opacity":"","overlay-gradient":""},"tablet":{"background-color":"var(--ast-global-color-5)","background-image":"","background-repeat":"repeat","background-position":"center center","background-size":"auto","background-attachment":"scroll","background-type":"","background-media":"","overlay-type":"","overlay-color":"","overlay-opacity":"","overlay-gradient":""},"mobile":{"background-color":"var(--ast-global-color-5)","background-image":"","background-repeat":"repeat","background-position":"center center","background-size":"auto","background-attachment":"scroll","background-type":"","background-media":"","overlay-type":"","overlay-color":"","overlay-opacity":"","overlay-gradient":""}},"footnotes":""},"class_list":["post-1804","page","type-page","status-publish","hentry"],"yoast_head":"<!-- This site is optimized with the Yoast SEO plugin v27.0 - https:\/\/yoast.com\/product\/yoast-seo-wordpress\/ -->\n<title>ONLINER - Project MALOX Detailing Centar<\/title>\n<meta name=\"description\" content=\"ONLINER designed a sponge-inspired logo for MALOX Detailing Centar - fresh, professional and ready for kinds of usage.\" \/>\n<meta name=\"robots\" content=\"index, follow, max-snippet:-1, max-image-preview:large, max-video-preview:-1\" \/>\n<link rel=\"canonical\" href=\"https:\/\/www.onliner.com.hr\/hr\/project-malox\/\" \/>\n<meta property=\"og:locale\" content=\"hr_HR\" \/>\n<meta property=\"og:type\" content=\"article\" \/>\n<meta property=\"og:title\" content=\"ONLINER - Project MALOX Detailing Centar\" \/>\n<meta property=\"og:description\" content=\"ONLINER designed a sponge-inspired logo for MALOX Detailing Centar - fresh, professional and ready for kinds of usage.\" \/>\n<meta property=\"og:url\" content=\"https:\/\/www.onliner.com.hr\/hr\/project-malox\/\" \/>\n<meta property=\"og:site_name\" content=\"ONLINER\" \/>\n<meta property=\"article:modified_time\" content=\"2025-07-28T12:51:10+00:00\" \/>\n<meta property=\"og:image\" content=\"https:\/\/www.onliner.com.hr\/wp-content\/uploads\/2025\/07\/Projects_Mockup14-1024x768.jpg\" \/>\n<meta name=\"twitter:card\" content=\"summary_large_image\" \/>\n<meta name=\"twitter:label1\" content=\"Procijenjeno vrijeme \u010ditanja\" \/>\n\t<meta name=\"twitter:data1\" content=\"2 minute\" \/>\n<script type=\"application\/ld+json\" class=\"yoast-schema-graph\">{\"@context\":\"https:\/\/schema.org\",\"@graph\":[{\"@type\":\"WebPage\",\"@id\":\"https:\/\/www.onliner.com.hr\/project-malox\/\",\"url\":\"https:\/\/www.onliner.com.hr\/project-malox\/\",\"name\":\"ONLINER - Project MALOX Detailing Centar\",\"isPartOf\":{\"@id\":\"https:\/\/www.onliner.com.hr\/#website\"},\"primaryImageOfPage\":{\"@id\":\"https:\/\/www.onliner.com.hr\/project-malox\/#primaryimage\"},\"image\":{\"@id\":\"https:\/\/www.onliner.com.hr\/project-malox\/#primaryimage\"},\"thumbnailUrl\":\"https:\/\/www.onliner.com.hr\/wp-content\/uploads\/2025\/07\/Projects_Mockup14-1024x768.jpg\",\"datePublished\":\"2025-07-22T09:05:27+00:00\",\"dateModified\":\"2025-07-28T12:51:10+00:00\",\"description\":\"ONLINER designed a sponge-inspired logo for MALOX Detailing Centar - fresh, professional and ready for kinds of usage.\",\"breadcrumb\":{\"@id\":\"https:\/\/www.onliner.com.hr\/project-malox\/#breadcrumb\"},\"inLanguage\":\"hr\",\"potentialAction\":[{\"@type\":\"ReadAction\",\"target\":[\"https:\/\/www.onliner.com.hr\/project-malox\/\"]}]},{\"@type\":\"ImageObject\",\"inLanguage\":\"hr\",\"@id\":\"https:\/\/www.onliner.com.hr\/project-malox\/#primaryimage\",\"url\":\"https:\/\/www.onliner.com.hr\/wp-content\/uploads\/2025\/07\/Projects_Mockup14-1024x768.jpg\",\"contentUrl\":\"https:\/\/www.onliner.com.hr\/wp-content\/uploads\/2025\/07\/Projects_Mockup14-1024x768.jpg\"},{\"@type\":\"BreadcrumbList\",\"@id\":\"https:\/\/www.onliner.com.hr\/project-malox\/#breadcrumb\",\"itemListElement\":[{\"@type\":\"ListItem\",\"position\":1,\"name\":\"Home\",\"item\":\"https:\/\/www.onliner.com.hr\/\"},{\"@type\":\"ListItem\",\"position\":2,\"name\":\"Project MALOX\"}]},{\"@type\":\"WebSite\",\"@id\":\"https:\/\/www.onliner.com.hr\/#website\",\"url\":\"https:\/\/www.onliner.com.hr\/\",\"name\":\"ONLINER\",\"description\":\"\",\"publisher\":{\"@id\":\"https:\/\/www.onliner.com.hr\/#organization\"},\"potentialAction\":[{\"@type\":\"SearchAction\",\"target\":{\"@type\":\"EntryPoint\",\"urlTemplate\":\"https:\/\/www.onliner.com.hr\/?s={search_term_string}\"},\"query-input\":{\"@type\":\"PropertyValueSpecification\",\"valueRequired\":true,\"valueName\":\"search_term_string\"}}],\"inLanguage\":\"hr\"},{\"@type\":\"Organization\",\"@id\":\"https:\/\/www.onliner.com.hr\/#organization\",\"name\":\"ONLINER\",\"url\":\"https:\/\/www.onliner.com.hr\/\",\"logo\":{\"@type\":\"ImageObject\",\"inLanguage\":\"hr\",\"@id\":\"https:\/\/www.onliner.com.hr\/#\/schema\/logo\/image\/\",\"url\":\"https:\/\/www.onliner.com.hr\/wp-content\/uploads\/2025\/03\/ONLINER_white_secondary-logo2.png\",\"contentUrl\":\"https:\/\/www.onliner.com.hr\/wp-content\/uploads\/2025\/03\/ONLINER_white_secondary-logo2.png\",\"width\":1811,\"height\":349,\"caption\":\"ONLINER\"},\"image\":{\"@id\":\"https:\/\/www.onliner.com.hr\/#\/schema\/logo\/image\/\"}}]}<\/script>\n<!-- \/ Yoast SEO plugin. -->","yoast_head_json":{"title":"ONLINER - Project MALOX Detailing Centar","description":"ONLINER designed a sponge-inspired logo for MALOX Detailing Centar - fresh, professional and ready for kinds of usage.","robots":{"index":"index","follow":"follow","max-snippet":"max-snippet:-1","max-image-preview":"max-image-preview:large","max-video-preview":"max-video-preview:-1"},"canonical":"https:\/\/www.onliner.com.hr\/hr\/project-malox\/","og_locale":"hr_HR","og_type":"article","og_title":"ONLINER - Project MALOX Detailing Centar","og_description":"ONLINER designed a sponge-inspired logo for MALOX Detailing Centar - fresh, professional and ready for kinds of usage.","og_url":"https:\/\/www.onliner.com.hr\/hr\/project-malox\/","og_site_name":"ONLINER","article_modified_time":"2025-07-28T12:51:10+00:00","og_image":[{"url":"https:\/\/www.onliner.com.hr\/wp-content\/uploads\/2025\/07\/Projects_Mockup14-1024x768.jpg","type":"","width":"","height":""}],"twitter_card":"summary_large_image","twitter_misc":{"Procijenjeno vrijeme \u010ditanja":"2 minute"},"schema":{"@context":"https:\/\/schema.org","@graph":[{"@type":"WebPage","@id":"https:\/\/www.onliner.com.hr\/project-malox\/","url":"https:\/\/www.onliner.com.hr\/project-malox\/","name":"ONLINER - Project MALOX Detailing Centar","isPartOf":{"@id":"https:\/\/www.onliner.com.hr\/#website"},"primaryImageOfPage":{"@id":"https:\/\/www.onliner.com.hr\/project-malox\/#primaryimage"},"image":{"@id":"https:\/\/www.onliner.com.hr\/project-malox\/#primaryimage"},"thumbnailUrl":"https:\/\/www.onliner.com.hr\/wp-content\/uploads\/2025\/07\/Projects_Mockup14-1024x768.jpg","datePublished":"2025-07-22T09:05:27+00:00","dateModified":"2025-07-28T12:51:10+00:00","description":"ONLINER designed a sponge-inspired logo for MALOX Detailing Centar - fresh, professional and ready for kinds of usage.","breadcrumb":{"@id":"https:\/\/www.onliner.com.hr\/project-malox\/#breadcrumb"},"inLanguage":"hr","potentialAction":[{"@type":"ReadAction","target":["https:\/\/www.onliner.com.hr\/project-malox\/"]}]},{"@type":"ImageObject","inLanguage":"hr","@id":"https:\/\/www.onliner.com.hr\/project-malox\/#primaryimage","url":"https:\/\/www.onliner.com.hr\/wp-content\/uploads\/2025\/07\/Projects_Mockup14-1024x768.jpg","contentUrl":"https:\/\/www.onliner.com.hr\/wp-content\/uploads\/2025\/07\/Projects_Mockup14-1024x768.jpg"},{"@type":"BreadcrumbList","@id":"https:\/\/www.onliner.com.hr\/project-malox\/#breadcrumb","itemListElement":[{"@type":"ListItem","position":1,"name":"Home","item":"https:\/\/www.onliner.com.hr\/"},{"@type":"ListItem","position":2,"name":"Project MALOX"}]},{"@type":"WebSite","@id":"https:\/\/www.onliner.com.hr\/#website","url":"https:\/\/www.onliner.com.hr\/","name":"ONLINER","description":"","publisher":{"@id":"https:\/\/www.onliner.com.hr\/#organization"},"potentialAction":[{"@type":"SearchAction","target":{"@type":"EntryPoint","urlTemplate":"https:\/\/www.onliner.com.hr\/?s={search_term_string}"},"query-input":{"@type":"PropertyValueSpecification","valueRequired":true,"valueName":"search_term_string"}}],"inLanguage":"hr"},{"@type":"Organization","@id":"https:\/\/www.onliner.com.hr\/#organization","name":"ONLINER","url":"https:\/\/www.onliner.com.hr\/","logo":{"@type":"ImageObject","inLanguage":"hr","@id":"https:\/\/www.onliner.com.hr\/#\/schema\/logo\/image\/","url":"https:\/\/www.onliner.com.hr\/wp-content\/uploads\/2025\/03\/ONLINER_white_secondary-logo2.png","contentUrl":"https:\/\/www.onliner.com.hr\/wp-content\/uploads\/2025\/03\/ONLINER_white_secondary-logo2.png","width":1811,"height":349,"caption":"ONLINER"},"image":{"@id":"https:\/\/www.onliner.com.hr\/#\/schema\/logo\/image\/"}}]}},"_links":{"self":[{"href":"https:\/\/www.onliner.com.hr\/hr\/wp-json\/wp\/v2\/pages\/1804","targetHints":{"allow":["GET"]}}],"collection":[{"href":"https:\/\/www.onliner.com.hr\/hr\/wp-json\/wp\/v2\/pages"}],"about":[{"href":"https:\/\/www.onliner.com.hr\/hr\/wp-json\/wp\/v2\/types\/page"}],"author":[{"embeddable":true,"href":"https:\/\/www.onliner.com.hr\/hr\/wp-json\/wp\/v2\/users\/1"}],"replies":[{"embeddable":true,"href":"https:\/\/www.onliner.com.hr\/hr\/wp-json\/wp\/v2\/comments?post=1804"}],"version-history":[{"count":125,"href":"https:\/\/www.onliner.com.hr\/hr\/wp-json\/wp\/v2\/pages\/1804\/revisions"}],"predecessor-version":[{"id":2245,"href":"https:\/\/www.onliner.com.hr\/hr\/wp-json\/wp\/v2\/pages\/1804\/revisions\/2245"}],"wp:attachment":[{"href":"https:\/\/www.onliner.com.hr\/hr\/wp-json\/wp\/v2\/media?parent=1804"}],"curies":[{"name":"wp","href":"https:\/\/api.w.org\/{rel}","templated":true}]}}